{"id":99,"date":"2014-04-23T17:30:42","date_gmt":"2014-04-23T15:30:42","guid":{"rendered":"http:\/\/wagrowiec.pttk.pl\/?page_id=99"},"modified":"2021-03-02T21:01:18","modified_gmt":"2021-03-02T20:01:18","slug":"kalendarz-imprez-2","status":"publish","type":"page","link":"https:\/\/wagrowiec.pttk.pl\/?page_id=99","title":{"rendered":"Kalendarz imprez 2021 r."},"content":{"rendered":"<style>\n\t\/* info (hed, dek, source, credit) *\/<br \/>.rg-container {<br \/>  font-family: 'Lato', Helvetica, Arial, sans-serif;<br \/>  font-size: 10px;<br \/>  line-height: 1.4;<br \/>  margin: 0;<br \/>  padding: 1em 0.5em;<br \/>  color: #222;<br \/>}<br \/>.rg-header {<br \/>  margin-bottom: 1em;<br \/>  text-align: left;<br \/>}<\/p>\n<p>.rg-header > * {<br \/>  display: block;<br \/>}<br \/>.rg-hed {<br \/>  font-weight: bold;<br \/>  font-size: 1.4em;<br \/>}<br \/>.rg-dek {<br \/>  font-size: 1em;<br \/>}<\/p>\n<p>.rg-source {<br \/>  margin: 0;<br \/>  font-size: 0.75em;<br \/>  text-align: right;<br \/>}<br \/>.rg-source .pre-colon {<br \/>  text-transform: uppercase;<br \/>}<\/p>\n<p>.rg-source .post-colon {<br \/>  font-weight: bold;<br \/>}<\/p>\n<p>\/* table *\/<br \/>table.rg-table {<br \/>  width: 100%;<br \/>  margin-bottom: 0.5em;<br \/>  font-size: 1em;<br \/>  border-collapse: collapse;<br \/>  border-spacing: 0;<br \/>}<br \/>table.rg-table tr {<br \/>  -moz-box-sizing: border-box;<br \/>  box-sizing: border-box;<br \/>  margin: 0;<br \/>  padding: 0;<br \/>  border: 0;<br \/>  font-size: 100%;<br \/>  font: inherit;<br \/>  vertical-align: baseline;<br \/>  text-align: left;<br \/>  color: #333;<br \/>}<br \/>table.rg-table thead {<br \/>  border-bottom: 3px solid #ddd;<br \/>}<br \/>table.rg-table tr {<br \/>  border-bottom: 1px solid #ddd;<br \/>  color: #222;<br \/>}<br \/>table.rg-table tr.highlight {<br \/>  background-color: #dcf1f0 !important;<br \/>}<br \/>table.rg-table.zebra tr:nth-child(even) {<br \/>  background-color: #f6f6f6;<br \/>}<br \/>table.rg-table th {<br \/>  font-weight: bold;<br \/>  padding: 0.35em;<br \/>  font-size: 0.9em;<br \/>}<br \/>table.rg-table td {<br \/>  padding: 0.35em;<br \/>  font-size: 0.9em;<br \/>}<br \/>table.rg-table .highlight td {<br \/>  font-weight: bold;<br \/>}<br \/>table.rg-table th.number,<br \/>td.number {<br \/>  text-align: right;<br \/>}<\/p>\n<p>\/* media queries *\/<br \/>@media screen and (max-width: 600px) {<br \/>  .rg-container {<br \/>    max-width: 600px;<br \/>    margin: 0 auto;<br \/>  }<br \/>  table.rg-table {<br \/>    width: 100%;<br \/>  }<br \/>  table.rg-table tr.hide-mobile,<br \/>  table.rg-table th.hide-mobile,<br \/>  table.rg-table td.hide-mobile {<br \/>    display: none;<br \/>max-width:50px;<br \/>  }<br \/>  table.rg-table thead {<br \/>    display: none;<br \/>  }<br \/>  table.rg-table tbody {<br \/>    width: 100%;<br \/>  }<br \/>  table.rg-table tr,<br \/>  table.rg-table th,<br \/>  table.rg-table td {<br \/>    display: block;<br \/>    padding: 0;<br \/>    max-width:110px;<\/p>\n<p>  }<br \/>  table.rg-table tr {<br \/>    border-bottom: none;<br \/>    margin: 0 0 1em 0;<br \/>    padding: 0.5em;<br \/>  }<br \/>  table.rg-table tr.highlight {<br \/>    background-color: inherit !important;<br \/>  }<br \/>  table.rg-table.zebra tr:nth-child(even) {<br \/>    background-color: transparent;<br \/>  }<br \/>  table.rg-table.zebra td:nth-child(even) {<br \/>    background-color: #f6f6f6;<br \/>  }<br \/>  table.rg-table tr:nth-child(even) {<br \/>    background-color: transparent;<br \/>  }<br \/>  table.rg-table td {<br \/>    padding: 0.5em 0 0.25em 0;<br \/>    border-bottom: 1px dotted #ccc;<br \/>    text-align: right;<br \/>  }<br \/>  table.rg-table td[data-title]:before {<br \/>    content: attr(data-title);<br \/>    font-weight: bold;<br \/>    display: inline-block;<br \/>    content: attr(data-title);<br \/>    float: left;<br \/>    margin-right: 0.5em;<br \/>    font-size: 0.95em;<br \/>  }<br \/>  table.rg-table td:last-child {<br \/>    padding-right: 0;<br \/>    border-bottom: 2px solid #ccc;<br \/>  }<br \/>  table.rg-table td:empty {<br \/>    display: none;<br \/>  }<br \/>  table.rg-table .highlight td {<br \/>    background-color: inherit;<br \/>    font-weight: normal;<br \/>  }<br \/>}<\/p>\n<\/style>\n<div class=\"rg-container\">\n<table class=\"rg-table\" style=\"height: 1246px;\" summary=\"Hed\" width=\"1170\">\n<thead>\n<tr>\n<th class=\"number\">\u00a0L.p.<\/th>\n<th class=\"text\">\u00a0 nazwa imprezy<\/th>\n<th class=\"text\">data<\/th>\n<th class=\"text\">organizator<\/th>\n<\/tr>\n<\/thead>\n<tbody>\n<tr class=\"\">\n<td class=\"number \" style=\"text-align: center;\" data-title=\"L.p\">1.<\/td>\n<td class=\"text \" data-title=\"nazwa imprezy\">Spacer pieszy i ognisko w Bukowcu<\/td>\n<td class=\"text \" data-title=\"data\">\n<p style=\"text-align: center;\" align=\"left\">na zwo\u0142anie I kwarta\u0142<\/p>\n<\/td>\n<td class=\"text \" data-title=\"organizator\">\n<p align=\"left\">M. i S. Strychalscy<\/p>\n<\/td>\n<\/tr>\n<tr class=\"\">\n<td class=\"number \" data-title=\"L.p\">\u00a0 \u00a02.<\/td>\n<td class=\"text \" data-title=\"nazwa imprezy\">Zimowa We\u0142na &#8211; sp\u0142yw kajakowy<\/td>\n<td class=\"text \" style=\"text-align: center;\" data-title=\"data\">06.03.2021<\/td>\n<td class=\"text \" data-title=\"organizator\">K.T.K. &#8222;Zimorodek&#8221; M Jasi\u0144ska<\/td>\n<\/tr>\n<tr class=\"\">\n<td class=\"number \" data-title=\"L.p\">\u00a0 \u00a03.<\/td>\n<td class=\"text \" data-title=\"nazwa imprezy\">Niedziela i nie tylko w siode\u0142ku &#8211; wyjazdy rowerowe 50+ i wi\u0119cej<\/td>\n<td class=\"text \" style=\"text-align: center;\" data-title=\"data\">rozpocz\u0119cie sezonu 21.03.2021<\/td>\n<td class=\"text \" data-title=\"organizator\">K.T.R. &#8222;Pa\u0142uki Tour&#8221; M.Lalik (Tel. w kontaktach<\/td>\n<\/tr>\n<tr class=\"\">\n<td class=\"number \" data-title=\"L.p\">\u00a0 \u00a04.<\/td>\n<td class=\"text \" data-title=\"nazwa imprezy\">Wypady rowerowe &#8222;Dru\u017cyna RR&#8221;<\/td>\n<td class=\"text \" style=\"text-align: center;\" data-title=\"data\">\u00a0na zwo\u0142anie<\/td>\n<td class=\"text \" data-title=\"organizator\">K.T.R. &#8222;Pa\u0142uki Tour&#8221; J. Werbli\u0144ski Tel. w kontaktach<\/td>\n<\/tr>\n<tr class=\"\">\n<td class=\"number \" data-title=\"L.p\">\u00a0 \u00a05.<\/td>\n<td class=\"text \" data-title=\"nazwa imprezy\">Wielkanocna Ma\u0142a We\u0142na &#8211; sp\u0142yw kajakowy<\/td>\n<td class=\"text \" style=\"text-align: center;\" data-title=\"data\">05.04.2021<\/td>\n<td class=\"text \" data-title=\"organizator\">K.T.K. &#8222;Zimorodek&#8221; M. Jasi\u0144ska<\/td>\n<\/tr>\n<tr class=\"hide-mobile\">\n<td class=\"number \" data-title=\"L.p\">\u00a0 \u00a06.<\/td>\n<td class=\"text \" data-title=\"nazwa imprezy\">Krajobrazowe wycieczki piesze po bli\u017cszej i dalszej okolicy<\/td>\n<td class=\"text \" style=\"text-align: center;\" data-title=\"data\">na zwo\u0142anie<\/td>\n<td class=\"text \" data-title=\"organizator\">K.T.P. &#8222;W\u0142\u00f3czykij&#8221; A. Goli\u0144ska i I. Balcerowicz<\/td>\n<\/tr>\n<tr class=\"hide-mobile\">\n<td class=\"number \" data-title=\"L.p\">\u00a0 \u00a07.<\/td>\n<td class=\"text \" data-title=\"nazwa imprezy\">Parki Krajobrazowe Wielkopolski: Sierakowski Park Krajobrazowy<\/td>\n<td class=\"text \" style=\"text-align: center;\" data-title=\"data\">kwiecie\u0144 &#8211; maj ( do ustalenia)<\/td>\n<td class=\"text \" data-title=\"organizator\">K.T.P. &#8222;W\u0142\u00f3czykij&#8221; A. Goli\u0144ska i I. Balcerowicz<\/td>\n<\/tr>\n<tr class=\"hide-mobile\">\n<td class=\"number \" data-title=\"L.p\">\u00a0 \u00a08.<\/td>\n<td class=\"text \" data-title=\"nazwa imprezy\">Czechy &#8211; Jesenik &#8211;\u00a0powitanie g\u00f3r, wycieczka kwalifikowana<\/td>\n<td class=\"text \" style=\"text-align: center;\" data-title=\"data\">21-25.04.2021 r.<\/td>\n<td class=\"text \" data-title=\"organizator\">K.T.G. &#8222;Szarotka&#8221; A. Graj<\/td>\n<\/tr>\n<tr class=\"hide-mobile\">\n<td class=\"number \" data-title=\"L.p\">\u00a0 \u00a09.<\/td>\n<td class=\"text \" data-title=\"nazwa imprezy\">Rajd rowerowy z okazji &#8222;Dnia Matki&#8221;<\/td>\n<td class=\"text \" style=\"text-align: center;\" data-title=\"data\">22.05.2021 r.<\/td>\n<td class=\"text \" data-title=\"organizator\">K.T.R. &#8222;Siode\u0142ko&#8221; M. Malczewska<\/td>\n<\/tr>\n<tr class=\"hide-mobile\">\n<td class=\"number \" data-title=\"L.p\">\u00a010.<\/td>\n<td class=\"text \" data-title=\"nazwa imprezy\">Rajd rowerowy z okazji &#8222;Dnia Dziecka&#8221;<\/td>\n<td class=\"text \" style=\"text-align: center;\" data-title=\"data\">05.06.2021 r.<\/td>\n<td class=\"text \" data-title=\"organizator\">K.T.R. &#8222;Siode\u0142ko&#8221; M. Malczewska<\/td>\n<\/tr>\n<tr class=\"hide-mobile\">\n<td class=\"number \" data-title=\"L.p\">\u00a011.<\/td>\n<td class=\"text \" data-title=\"nazwa imprezy\">Rzeka &#8222;Niespodzianka&#8221; gdzie\u015b w Polsce &#8211; sp\u0142yw kajakowy<\/td>\n<td class=\"text \" style=\"text-align: center;\" data-title=\"data\">czerwiec &#8211; lipiec 2021 r.<\/td>\n<td class=\"text \" data-title=\"organizator\">K.T.K. &#8222;Zimorodek&#8221; M. Lasi\u0144ska<\/td>\n<\/tr>\n<tr class=\"hide-mobile\">\n<td class=\"number \" data-title=\"L.p\">\u00a012.<\/td>\n<td class=\"text \" data-title=\"nazwa imprezy\">Skocka Setka &#8211; rajd rowerowy<\/td>\n<td class=\"text \" style=\"text-align: center;\" data-title=\"data\">04.07.2021 r.<\/td>\n<td class=\"text \" data-title=\"organizator\">Karolina Stefaniak<\/td>\n<\/tr>\n<tr class=\"hide-mobile\">\n<td class=\"number \" data-title=\"L.p\">\u00a013.<\/td>\n<td class=\"text \" data-title=\"nazwa imprezy\">Tatry Polskie &#8211; Zakopane wyjazd samochodowy<\/td>\n<td class=\"text \" style=\"text-align: center;\" data-title=\"data\">17-22.07.2021 r.<\/td>\n<td class=\"text \" data-title=\"organizator\">K.T.G. &#8222;Szarotka&#8221; S. Strychalski<\/td>\n<\/tr>\n<tr class=\"hide-mobile\">\n<td class=\"number \" data-title=\"L.p\">\u00a014.<\/td>\n<td class=\"text \" data-title=\"nazwa imprezy\">Struga Go\u0142aniecka &#8211; sp\u0142yw kajakowy<\/td>\n<td class=\"text \" style=\"text-align: center;\" data-title=\"data\">czerwiec &#8211; sierpie\u0144 ( na zwo\u0142anie)<\/td>\n<td class=\"text \" data-title=\"organizator\">K.T.K.&#8221; Szarotka&#8221; M. Jasi\u0144ska<\/td>\n<\/tr>\n<tr class=\"hide-mobile\">\n<td class=\"number \" data-title=\"L.p\">\u00a015.<\/td>\n<td class=\"text \" data-title=\"nazwa imprezy\">Rodzinny Rajd Rowerowy<\/td>\n<td class=\"text \" style=\"text-align: center;\" data-title=\"data\">03.07.2021 r.<\/td>\n<td class=\"text \" data-title=\"organizator\">K.T.R. Siode\u0142ko&#8221; M. Malczewska<\/td>\n<\/tr>\n<tr class=\"hide-mobile\">\n<td class=\"number \" data-title=\"L.p\">\u00a016.<\/td>\n<td class=\"text \" data-title=\"nazwa imprezy\">W\u0105growiecka Setka &#8211; II Rajd Rowerowy im. R. Styczy\u0144skiego<\/td>\n<td class=\"text \" style=\"text-align: center;\" data-title=\"data\">01.08.2021 r.<\/td>\n<td class=\"text \" data-title=\"organizator\">Prezes Oddzia\u0142u T. Biegun<\/td>\n<\/tr>\n<tr class=\"hide-mobile\">\n<td class=\"number \" data-title=\"L.p\">\u00a017.<\/td>\n<td class=\"text \" data-title=\"nazwa imprezy\">Rajd Rowerowy : Szlakiem Ko\u015bcio\u0142\u00f3w i Pa\u0142ac\u00f3w<\/td>\n<td class=\"text \" style=\"text-align: center;\" data-title=\"data\">07.08.2021 r.<\/td>\n<td class=\"text \" data-title=\"organizator\">K.T.R. &#8222;Siode\u0142ko&#8221; M. Malczewska<\/td>\n<\/tr>\n<tr class=\"hide-mobile\">\n<td class=\"number \" data-title=\"L.p\">\u00a018.<\/td>\n<td class=\"text \" data-title=\"nazwa imprezy\">Wycieczka autokarowa na Podlasie<\/td>\n<td class=\"text \" style=\"text-align: center;\" data-title=\"data\">19-22.08.2021 r.<\/td>\n<td class=\"text \" data-title=\"organizator\">A. Tatarynowicz i I. Balcerowicz<\/td>\n<\/tr>\n<tr class=\"hide-mobile\">\n<td class=\"number \" data-title=\"L.p\">\u00a019.<\/td>\n<td class=\"text \" data-title=\"nazwa imprezy\">Spotkanie z kultur\u0105 &#8211; Teatr Wielki w Warszawie<\/td>\n<td class=\"text \" style=\"text-align: center;\" data-title=\"data\">wrzesie\u0144 ( w zale\u017cno\u015bci od repertuaru)<\/td>\n<td class=\"text \" data-title=\"organizator\">Anna Matlach<\/td>\n<\/tr>\n<tr class=\"hide-mobile\">\n<td class=\"number \" data-title=\"L.p\">\u00a020.<\/td>\n<td class=\"text \" data-title=\"nazwa imprezy\">VI Micha\u0142owski Rajd Rowerowy<\/td>\n<td class=\"text \" style=\"text-align: center;\" data-title=\"data\">04.09.20212 r.<\/td>\n<td class=\"text \" data-title=\"organizator\">K.T.R. &#8222;Siode\u0142ko&#8221; M. Malczewska<\/td>\n<\/tr>\n<tr class=\"hide-mobile\">\n<td class=\"number \" data-title=\"L.p\">\u00a021.<\/td>\n<td class=\"text \" data-title=\"nazwa imprezy\">Wycieczka do Gruzji<\/td>\n<td class=\"text \" style=\"text-align: center;\" data-title=\"data\">19 &#8211; 26.09.2021 r.<\/td>\n<td class=\"text \" data-title=\"organizator\">K.T.G. &#8222;Szarotka&#8221; S. Strychalski<\/td>\n<\/tr>\n<tr class=\"hide-mobile\">\n<td class=\"number \" data-title=\"L.p\">\u00a022.<\/td>\n<td class=\"text \" data-title=\"nazwa imprezy\">Wojew\u00f3dzki Zlot Przodownik\u00f3w Turystyki Rowerowej<\/td>\n<td class=\"text \" style=\"text-align: center;\" data-title=\"data\">30.09-03.10.2021 r.<\/td>\n<td class=\"text \" data-title=\"organizator\">Zarz\u0105d Oddzia\u0142u T. Biegun\u00a0 J. Werbli\u0144ski<\/td>\n<\/tr>\n<tr class=\"hide-mobile\">\n<td class=\"number \" data-title=\"L.p\">\u00a023.<\/td>\n<td class=\"text \" data-title=\"nazwa imprezy\">Zamki i Pa\u0142ace wok\u00f3\u0142 Ostrowa Wielkopolskiego<\/td>\n<td class=\"text \" style=\"text-align: center;\" data-title=\"data\">12.09.2021 r.<\/td>\n<td class=\"text \" data-title=\"organizator\">K.T.P. &#8222;W\u0142\u00f3czykij&#8221; A. Goli\u0144ska I. Balcerowicz<\/td>\n<\/tr>\n<tr class=\"hide-mobile\">\n<td class=\"number \" data-title=\"L.p\">\u00a024.<\/td>\n<td class=\"text \" data-title=\"nazwa imprezy\">Uzdrowisko Truskawiec &#8211; Ukraina &#8211; Sanatorium &#8222;Szachta&#8221;<\/td>\n<td class=\"text \" style=\"text-align: center;\" data-title=\"data\">10 &#8211; 21.10.2021 r.<\/td>\n<td class=\"text \" data-title=\"organizator\">Prezes Oddzia\u0142u T. Biegun<\/td>\n<\/tr>\n<tr class=\"hide-mobile\">\n<td class=\"number \" data-title=\"L.p\">\u00a025.<\/td>\n<td class=\"text \" data-title=\"nazwa imprezy\">G\u00f3ry Kaczawskie &#8211; wycieczka kwalifikowana<\/td>\n<td class=\"text \" style=\"text-align: center;\" data-title=\"data\">07 -10.11.2021 r.<\/td>\n<td class=\"text \" data-title=\"organizator\">K.T.G. &#8222;Szarotka&#8221; S. Strychalski<\/td>\n<\/tr>\n<tr class=\"hide-mobile\">\n<td class=\"number \" data-title=\"L.p\">\u00a026.<\/td>\n<td class=\"text \" data-title=\"nazwa imprezy\">Jesienne spotkania z kultur\u0105<\/td>\n<td class=\"text \" style=\"text-align: center;\" data-title=\"data\">Na zwo\u0142anie<\/td>\n<td class=\"text \" data-title=\"organizator\">Anna Matlach<\/td>\n<\/tr>\n<tr class=\"hide-mobile\">\n<td class=\"number \" data-title=\"L.p\">\u00a027.<\/td>\n<td class=\"text \" data-title=\"nazwa imprezy\">Miko\u0142aje w kajakach<\/td>\n<td class=\"text \" style=\"text-align: center;\" data-title=\"data\">05.12.2021 r.<\/td>\n<td class=\"text \" data-title=\"organizator\">K.T.K. &#8221;Zimorodek&#8221; M. Jasi\u0144ska<\/td>\n<\/tr>\n<tr class=\"hide-mobile\">\n<td class=\"number \" data-title=\"L.p\">\u00a028.<\/td>\n<td class=\"text \" data-title=\"nazwa imprezy\">Spotkanie op\u0142atkowe<\/td>\n<td class=\"text \" style=\"text-align: center;\" data-title=\"data\">15.12.2021 r.<\/td>\n<td class=\"text \" data-title=\"organizator\">Zarz\u0105d Oddzia\u0142u<\/td>\n<\/tr>\n<tr class=\"hide-mobile\">\n<td class=\"number \" data-title=\"L.p\">\u00a029.<\/td>\n<td class=\"text \" data-title=\"nazwa imprezy\"><\/td>\n<td class=\"text \" data-title=\"data\"><\/td>\n<td class=\"text \" data-title=\"organizator\"><\/td>\n<\/tr>\n<tr class=\"hide-mobile\">\n<td class=\"number \" data-title=\"L.p\">\u00a030.<\/td>\n<td class=\"text \" style=\"text-align: center;\" data-title=\"nazwa imprezy\">\n<h3><span style=\"color: #ff0000;\">Realizacja programu uzale\u017cniona od sytuacji epidemiologicznej w kraju.<\/span><\/h3>\n<\/td>\n<td class=\"text \" data-title=\"data\"><\/td>\n<td class=\"text \" data-title=\"organizator\"><\/td>\n<\/tr>\n<tr class=\"hide-mobile\">\n<td class=\"number \" data-title=\"L.p\">\u00a031.<\/td>\n<td class=\"text \" data-title=\"nazwa imprezy\"><\/td>\n<td class=\"text \" data-title=\"data\"><\/td>\n<td class=\"text \" data-title=\"organizator\"><\/td>\n<\/tr>\n<tr class=\"hide-mobile\">\n<td class=\"number \" data-title=\"L.p\"><span style=\"color: #333333;\">\u00a032.<\/span><\/td>\n<td class=\"text \" data-title=\"nazwa imprezy\"><\/td>\n<td class=\"text \" data-title=\"data\"><\/td>\n<td class=\"text \" data-title=\"organizator\"><\/td>\n<\/tr>\n<tr class=\"hide-mobile\">\n<td class=\"number \" data-title=\"L.p\">\u00a033.<\/td>\n<td class=\"text \" data-title=\"nazwa imprezy\"><\/td>\n<td class=\"text \" data-title=\"data\"><\/td>\n<td class=\"text \" data-title=\"organizator\"><\/td>\n<\/tr>\n<tr class=\"hide-mobile\">\n<td class=\"number \" data-title=\"L.p\">\u00a034.<\/td>\n<td class=\"text \" data-title=\"nazwa imprezy\"><\/td>\n<td class=\"text \" data-title=\"data\"><\/td>\n<td class=\"text \" data-title=\"organizator\"><\/td>\n<\/tr>\n<tr class=\"hide-mobile\">\n<td class=\"number \" data-title=\"L.p\">\u00a035.<\/td>\n<td class=\"text \" data-title=\"nazwa imprezy\"><\/td>\n<td class=\"text \" data-title=\"data\"><\/td>\n<td class=\"text \" data-title=\"organizator\"><\/td>\n<\/tr>\n<tr class=\"hide-mobile\">\n<td class=\"number \" data-title=\"L.p\">\u00a036.<\/td>\n<td class=\"text \" data-title=\"nazwa imprezy\"><\/td>\n<td class=\"text \" data-title=\"data\"><\/td>\n<td class=\"text \" data-title=\"organizator\"><\/td>\n<\/tr>\n<tr class=\"hide-mobile\">\n<td class=\"number \" data-title=\"L.p\"><\/td>\n<td class=\"text \" data-title=\"nazwa imprezy\"><\/td>\n<td class=\"text \" data-title=\"data\"><\/td>\n<td class=\"text \" data-title=\"organizator\"><\/td>\n<\/tr>\n<tr class=\"hide-mobile\">\n<td class=\"number \" data-title=\"L.p\"><\/td>\n<td class=\"text \" data-title=\"nazwa imprezy\"><\/td>\n<td class=\"text \" data-title=\"data\"><\/td>\n<td class=\"text \" data-title=\"organizator\"><\/td>\n<\/tr>\n<tr class=\"hide-mobile\">\n<td class=\"number \" data-title=\"L.p\"><\/td>\n<td class=\"text \" data-title=\"nazwa imprezy\"><\/td>\n<td class=\"text \" data-title=\"data\"><\/td>\n<td class=\"text \" data-title=\"organizator\"><\/td>\n<\/tr>\n<tr class=\"hide-mobile\">\n<td class=\"number \" data-title=\"L.p\"><\/td>\n<td class=\"text \" data-title=\"nazwa imprezy\"><\/td>\n<td class=\"text \" data-title=\"data\"><\/td>\n<td class=\"text \" data-title=\"organizator\"><\/td>\n<\/tr>\n<tr class=\"hide-mobile\">\n<td class=\"number \" data-title=\"L.p\"><\/td>\n<td class=\"text \" data-title=\"nazwa imprezy\"><\/td>\n<td class=\"text \" data-title=\"data\"><\/td>\n<td class=\"text \" data-title=\"organizator\"><\/td>\n<\/tr>\n<tr class=\"hide-mobile\">\n<td class=\"number \" data-title=\"L.p\"><\/td>\n<td class=\"text \" data-title=\"nazwa imprezy\"><\/td>\n<td class=\"text \" data-title=\"data\"><\/td>\n<td class=\"text \" data-title=\"organizator\"><\/td>\n<\/tr>\n<tr class=\"hide-mobile\">\n<td class=\"number \" data-title=\"L.p\"><\/td>\n<td class=\"text \" data-title=\"nazwa imprezy\"><\/td>\n<td class=\"text \" data-title=\"data\"><\/td>\n<td class=\"text \" data-title=\"organizator\"><\/td>\n<\/tr>\n<tr class=\"hide-mobile\">\n<td class=\"number \" data-title=\"L.p\"><\/td>\n<td class=\"text \" data-title=\"nazwa imprezy\"><\/td>\n<td class=\"text \" data-title=\"data\"><\/td>\n<td class=\"text \" data-title=\"organizator\"><\/td>\n<\/tr>\n<tr class=\"hide-mobile\">\n<td class=\"number \" data-title=\"L.p\"><\/td>\n<td class=\"text \" data-title=\"nazwa imprezy\"><\/td>\n<td class=\"text \" data-title=\"data\"><\/td>\n<td class=\"text \" data-title=\"organizator\"><\/td>\n<\/tr>\n<\/tbody>\n<\/table>\n<div class=\"rg-source\"><span class=\"pre-colon\">SOURCE<\/span>: <span class=\"post-colon\">Sources<\/span><\/div>\n<\/div>\n","protected":false},"excerpt":{"rendered":"<p>\u00a0L.p. \u00a0 nazwa imprezy data organizator 1. Spacer pieszy i ognisko w Bukowcu na zwo\u0142anie I kwarta\u0142 M. i S. Strychalscy \u00a0 \u00a02. Zimowa We\u0142na &#8211; sp\u0142yw kajakowy 06.03.2021 K.T.K. [&hellip;]<\/p>\n","protected":false},"author":3,"featured_media":0,"parent":0,"menu_order":0,"comment_status":"closed","ping_status":"closed","template":"","meta":[],"_links":{"self":[{"href":"https:\/\/wagrowiec.pttk.pl\/index.php?rest_route=\/wp\/v2\/pages\/99"}],"collection":[{"href":"https:\/\/wagrowiec.pttk.pl\/index.php?rest_route=\/wp\/v2\/pages"}],"about":[{"href":"https:\/\/wagrowiec.pttk.pl\/index.php?rest_route=\/wp\/v2\/types\/page"}],"author":[{"embeddable":true,"href":"https:\/\/wagrowiec.pttk.pl\/index.php?rest_route=\/wp\/v2\/users\/3"}],"replies":[{"embeddable":true,"href":"https:\/\/wagrowiec.pttk.pl\/index.php?rest_route=%2Fwp%2Fv2%2Fcomments&post=99"}],"version-history":[{"count":53,"href":"https:\/\/wagrowiec.pttk.pl\/index.php?rest_route=\/wp\/v2\/pages\/99\/revisions"}],"predecessor-version":[{"id":1927,"href":"https:\/\/wagrowiec.pttk.pl\/index.php?rest_route=\/wp\/v2\/pages\/99\/revisions\/1927"}],"wp:attachment":[{"href":"https:\/\/wagrowiec.pttk.pl\/index.php?rest_route=%2Fwp%2Fv2%2Fmedia&parent=99"}],"curies":[{"name":"wp","href":"https:\/\/api.w.org\/{rel}","templated":true}]}}