{"id":95,"date":"2014-04-23T17:29:02","date_gmt":"2014-04-23T15:29:02","guid":{"rendered":"http:\/\/wagrowiec.pttk.pl\/?page_id=95"},"modified":"2014-04-23T18:44:44","modified_gmt":"2014-04-23T16:44:44","slug":"95-2","status":"publish","type":"page","link":"https:\/\/wagrowiec.pttk.pl\/?page_id=95","title":{"rendered":"Jak zosta\u0107 cz\u0142onkiem"},"content":{"rendered":"<h2>Zosta\u0144 cz\u0142onkiem PTTK W\u0105growiec<\/h2>\n<p>Cz\u0142onkiem zwyczajnym PTTK mo\u017ce by\u0107:<\/p>\n<ol>\n<li>obywatel polski lub cudzoziemiec, maj\u0105cy pe\u0142n\u0105 zdolno\u015b\u0107 do czynno\u015bci prawnych i nie pozbawiony praw publicznych;<\/li>\n<li>niepe\u0142noletni w wieku od 16 do 18 lat, maj\u0105cy ograniczon\u0105 zdolno\u015b\u0107 do czynno\u015bci prawnych;<\/li>\n<li>ma\u0142oletni w wieku poni\u017cej 16 lat za zgod\u0105 jego przedstawicieli ustawowych.<\/li>\n<\/ol>\n<p>M\u0142odzie\u017c szkolna mo\u017ce by\u0107 zrzeszana w szkolnych ko\u0142ach krajoznawczo-turystycznych PTTK co nie ogranicza jej prawa do zrzeszania si\u0119 w innych ko\u0142ach i klubach PTTK &#8211; jednostkach organizacyjnych oddzia\u0142\u00f3w PTTK.<\/p>\n<p>Cz\u0142onkostwo zwyczajne w PTTK powstaje przez z\u0142o\u017cenie pisemnej\u00a0<a href=\"http:\/\/koscian.pttk.pl\/download\/pttk_deklaracja_czlonka.pdf\" target=\"_blank\">deklaracji<\/a>\u00a0i przyj\u0119cie w poczet cz\u0142onk\u00f3w przez zarz\u0105d ko\u0142a, klubu lub oddzia\u0142u PTTK.<\/p>\n<p>Podczas wizyty w oddziale, przy sobie powiniene\u015b mie\u0107 dowolny dokument potwierdzaj\u0105cy Twoj\u0105 to\u017csamo\u015b\u0107, dwa zdj\u0119cia formatu 30&#215;40 mm oraz got\u00f3wk\u0119 na sk\u0142adk\u0119 cz\u0142onkowsk\u0105 i wpisowe. Ponadto dobrze jest, je\u015bli przygotujesz sobie dane do wype\u0142nienia\u00a0<a href=\"http:\/\/koscian.pttk.pl\/download\/pttk_deklaracja_czlonka.pdf\" target=\"_blank\">deklaracji<\/a>.<\/p>\n<p id=\"aeaoofnhgocdbnbeljkmbjdmhbcokfdb-mousedown\">Sk\u0142adka cz\u0142onkowska wynosi:<\/p>\n<ul>\n<li>normalna:\u00a0<strong>40 z\u0142<\/strong><\/li>\n<li>ulgowa:\u00a0<strong>20 z\u0142<\/strong><\/li>\n<\/ul>\n<p>Uprawnieni do op\u0142acania cz\u0142onkowskiej sk\u0142adki ulgowej s\u0105:<\/p>\n<ul>\n<li>opiekunowie szkolnych k\u00f3\u0142 PTTK,<\/li>\n<li>osoby ma\u0142oletnie do uko\u0144czenia 16 roku \u017cycia,<\/li>\n<li>m\u0142odzie\u017c szkolna i m\u0142odzie\u017c akademicka studiuj\u0105ca &#8211; do uko\u0144czenia 26 roku \u017cycia,<\/li>\n<li>\u017co\u0142nierze niezawodowi,<\/li>\n<li>emeryci, renci\u015bci i inwalidzi,<\/li>\n<li>bezrobotni.<\/li>\n<\/ul>\n<p>Zwolnieni z obowi\u0105zku op\u0142acania sk\u0142adki cz\u0142onkowskiej s\u0105 cz\u0142onkowie Honorowi PTTK oraz m\u0142odzie\u017c z dom\u00f3w dziecka, zak\u0142ad\u00f3w opieku\u0144czych, szk\u00f3\u0142 specjalnych.<\/p>\n<p id=\"aeaoofnhgocdbnbeljkmbjdmhbcokfdb-mousedown\">Wpisowe do PTTK jest op\u0142at\u0105 jednorazow\u0105 wnoszon\u0105 przy sk\u0142adaniu deklaracji cz\u0142onka PTTK. W kwocie tej kryje si\u0119 r\u00f3wnie\u017c op\u0142ata za legitymacj\u0119 PTTK (w wysoko\u015bci 5 z\u0142). Obecnie wpisowe wynosi:<\/p>\n<ul>\n<li><strong>10 z\u0142<\/strong>\u00a0dla osoby op\u0142acaj\u0105cej sk\u0142adk\u0119 normaln\u0105,<\/li>\n<li><strong>6 z\u0142<\/strong>\u00a0dla osoby op\u0142acaj\u0105cej sk\u0142adk\u0119 ulgow\u0105 (z wyj\u0105tkiem uczni\u00f3w),<\/li>\n<li><strong>5 z\u0142<\/strong>\u00a0dla uczni\u00f3w do poziomu szko\u0142y ponadgimnazjalnej w\u0142\u0105cznie.<\/li>\n<\/ul>\n<p>Op\u0142acenie rocznych podstawowych sk\u0142adek cz\u0142onkowskich udokumentowane jest wklejeniem na odwrocie legitymacji cz\u0142onka PTTK znaczka wydanego przez ZG PTTK.<\/p>\n<p>Dodatkowo cz\u0142onkom PTTK przys\u0142uguj\u0105 rabaty PTTK zgodnie z Uchwa\u0142\u0105 Zarz\u0105du G\u0142\u00f3wnego nr 109\/XV\/2003 w sprawie rabatu handlowego PTTK. List\u0119 obiekt\u00f3w, kt\u00f3re udzielaj\u0105 rabat\u00f3w na podstawie legitymacji PTTK znajdziesz\u00a0<a href=\"http:\/\/pttk.pl\/zycie\/rabaty\/\">tutaj<\/a>.<\/p>\n<p>szczeg\u00f3\u0142owe informacje dotycz\u0105ce wst\u0105penia do PTTK znajduj\u0105 si\u0119 na stronie g\u0142ownej PTTK:\u00a0<a href=\"http:\/\/pttk.pl\/pttk\/czlonk.php\">www.pttk.pl<\/a><\/p>\n","protected":false},"excerpt":{"rendered":"<p>Zosta\u0144 cz\u0142onkiem PTTK W\u0105growiec Cz\u0142onkiem zwyczajnym PTTK mo\u017ce by\u0107: obywatel polski lub cudzoziemiec, maj\u0105cy pe\u0142n\u0105 zdolno\u015b\u0107 do czynno\u015bci prawnych i nie pozbawiony praw publicznych; niepe\u0142noletni w wieku od 16 do [&hellip;]<\/p>\n","protected":false},"author":3,"featured_media":0,"parent":0,"menu_order":0,"comment_status":"closed","ping_status":"closed","template":"","meta":[],"_links":{"self":[{"href":"https:\/\/wagrowiec.pttk.pl\/index.php?rest_route=\/wp\/v2\/pages\/95"}],"collection":[{"href":"https:\/\/wagrowiec.pttk.pl\/index.php?rest_route=\/wp\/v2\/pages"}],"about":[{"href":"https:\/\/wagrowiec.pttk.pl\/index.php?rest_route=\/wp\/v2\/types\/page"}],"author":[{"embeddable":true,"href":"https:\/\/wagrowiec.pttk.pl\/index.php?rest_route=\/wp\/v2\/users\/3"}],"replies":[{"embeddable":true,"href":"https:\/\/wagrowiec.pttk.pl\/index.php?rest_route=%2Fwp%2Fv2%2Fcomments&post=95"}],"version-history":[{"count":2,"href":"https:\/\/wagrowiec.pttk.pl\/index.php?rest_route=\/wp\/v2\/pages\/95\/revisions"}],"predecessor-version":[{"id":97,"href":"https:\/\/wagrowiec.pttk.pl\/index.php?rest_route=\/wp\/v2\/pages\/95\/revisions\/97"}],"wp:attachment":[{"href":"https:\/\/wagrowiec.pttk.pl\/index.php?rest_route=%2Fwp%2Fv2%2Fmedia&parent=95"}],"curies":[{"name":"wp","href":"https:\/\/api.w.org\/{rel}","templated":true}]}}