{"id":92,"date":"2014-04-23T17:28:22","date_gmt":"2014-04-23T15:28:22","guid":{"rendered":"http:\/\/wagrowiec.pttk.pl\/?page_id=92"},"modified":"2014-04-23T17:28:22","modified_gmt":"2014-04-23T15:28:22","slug":"historia","status":"publish","type":"page","link":"https:\/\/wagrowiec.pttk.pl\/?page_id=92","title":{"rendered":"Historia"},"content":{"rendered":"<p align=\"JUSTIFY\">Historia Oddzia\u0142u PTTK w W\u0105growcu datuje si\u0119 od roku 1954, kiedy to z inicjatywy istniej\u0105cego ko\u0142a PTTK w Go\u0142a\u0144czy i jego prezesa Krystyny Marsza\u0142, a tak\u017ce w\u0105growieckich turyst\u00f3w i krajoznawc\u00f3w, jak Anna Wolniewicz, Jan Hofmann, Tadeusz Hawlicki oraz Bogdan Piechowiak, utworzono w naszym mie\u015bcie Oddzia\u0142 PTTK.<\/p>\n<p align=\"JUSTIFY\">Jego pierwszym prezesem zosta\u0142a Anna Wolniewicz. Z tamtych czas\u00f3w zapisa\u0142y si\u0119 takie imprezy, jak: sp\u0142yw kajakowy do Warszawy w 1957 roku, rajd samochodowy na Pola Grunwaldu w 1960 oraz cykliczne rajdy \u201eJesie\u0144 na Pa\u0142ukach\u201d oraz \u201eSzlakiem pu\u0142kownika Paszkowa\u201d. Praca Oddzia\u0142u opiera\u0142a si\u0119 g\u0142\u00f3wnie na ko\u0142ach \u015brodowiskowych i szkolnych klubach turystyczno-krajoznawczych, dla kt\u00f3rych organizowano mi\u0119dzy innymi Turnieje Wiedzy Krajoznawczej.<\/p>\n<p align=\"JUSTIFY\">Pocz\u0105wszy od roku 1982, kiedy to prezesem Oddzia\u0142u zosta\u0142 Waldemar Balcerowicz dzia\u0142alno\u015b\u0107 programowa uleg\u0142a zasadniczej aktywizacji. W szczytowym momencie Oddzia\u0142 liczy\u0142 460 cz\u0142onk\u00f3w zrzeszonych w 15 ko\u0142ach i klubach. Zosta\u0142a podj\u0119ta wsp\u00f3\u0142praca z bratnim Oddzia\u0142em Pa\u0142uckim PTTK w \u017bninie \u2013 czego owocem by\u0142a wsp\u00f3lna organizacja Og\u00f3lnopolskiego Rajdu Jesie\u0144 na Pa\u0142ukach oraz utworzenie w 1984 roku Pa\u0142uckiej Odznaki Krajoznawczej. W\u015br\u00f3d wielu imprez organizowanych przez Oddzia\u0142 do ciekawostek nale\u017c\u0105: Indywidualny Rajd na Raty po Pa\u0142ukach i Og\u00f3lnopolskie Zimowe Marsze na Orientacj\u0119.<\/p>\n<p align=\"JUSTIFY\">W 1991 roku po tragicznej \u015bmierci prezesa Oddzia\u0142u Waldemara Balcerowicza, w sytuacji przemian polityczno \u2013 gospodarczych dzia\u0142alno\u015b\u0107 Oddzia\u0142u w W\u0105growcu usta\u0142a na prawie dziesi\u0119\u0107 lat.<\/p>\n<p align=\"JUSTIFY\">W 1998 roku przy Sp\u00f3\u0142dzielni Mieszkaniowej wznowi\u0142o dzia\u0142alno\u015b\u0107 Ko\u0142o PTTK, kt\u00f3re w 2003 roku przekszta\u0142ci\u0142o si\u0119 ponownie w Oddzia\u0142, kt\u00f3rego prezesem zosta\u0142 Romuald Styczy\u0144ski. Obecnie w Oddziale dzia\u0142aj\u0105 trzy kluby oraz cztery komisje turystyki kwalifikowanej. W 2010 roku Oddzia\u0142 liczy\u0142 218 os\u00f3b.<\/p>\n<p align=\"JUSTIFY\">\n","protected":false},"excerpt":{"rendered":"<p>Historia Oddzia\u0142u PTTK w W\u0105growcu datuje si\u0119 od roku 1954, kiedy to z inicjatywy istniej\u0105cego ko\u0142a PTTK w Go\u0142a\u0144czy i jego prezesa Krystyny Marsza\u0142, a tak\u017ce w\u0105growieckich turyst\u00f3w i krajoznawc\u00f3w, [&hellip;]<\/p>\n","protected":false},"author":3,"featured_media":0,"parent":0,"menu_order":0,"comment_status":"closed","ping_status":"closed","template":"","meta":[],"_links":{"self":[{"href":"https:\/\/wagrowiec.pttk.pl\/index.php?rest_route=\/wp\/v2\/pages\/92"}],"collection":[{"href":"https:\/\/wagrowiec.pttk.pl\/index.php?rest_route=\/wp\/v2\/pages"}],"about":[{"href":"https:\/\/wagrowiec.pttk.pl\/index.php?rest_route=\/wp\/v2\/types\/page"}],"author":[{"embeddable":true,"href":"https:\/\/wagrowiec.pttk.pl\/index.php?rest_route=\/wp\/v2\/users\/3"}],"replies":[{"embeddable":true,"href":"https:\/\/wagrowiec.pttk.pl\/index.php?rest_route=%2Fwp%2Fv2%2Fcomments&post=92"}],"version-history":[{"count":1,"href":"https:\/\/wagrowiec.pttk.pl\/index.php?rest_route=\/wp\/v2\/pages\/92\/revisions"}],"predecessor-version":[{"id":93,"href":"https:\/\/wagrowiec.pttk.pl\/index.php?rest_route=\/wp\/v2\/pages\/92\/revisions\/93"}],"wp:attachment":[{"href":"https:\/\/wagrowiec.pttk.pl\/index.php?rest_route=%2Fwp%2Fv2%2Fmedia&parent=92"}],"curies":[{"name":"wp","href":"https:\/\/api.w.org\/{rel}","templated":true}]}}