{"id":73,"date":"2014-03-25T22:08:23","date_gmt":"2014-03-25T21:08:23","guid":{"rendered":"http:\/\/wagrowiec.pttk.pl\/?page_id=73"},"modified":"2014-03-26T19:28:38","modified_gmt":"2014-03-26T18:28:38","slug":"patron","status":"publish","type":"page","link":"https:\/\/wagrowiec.pttk.pl\/?page_id=73","title":{"rendered":"Patron"},"content":{"rendered":"<p style=\"text-align: center;\"><a href=\"https:\/\/wagrowiec.pttk.pl\/wp-content\/uploads\/2014\/03\/DSC09297.jpg\"><img decoding=\"async\" loading=\"lazy\" class=\"alignnone size-medium wp-image-77\" alt=\"SONY DSC\" src=\"https:\/\/wagrowiec.pttk.pl\/wp-content\/uploads\/2014\/03\/DSC09297-216x300.jpg\" width=\"216\" height=\"300\" \/><\/a><\/p>\n<p style=\"text-align: center;\">Wspomnienie o mgr Waldemarze\u00a0Balcerowiczu<\/p>\n<p style=\"text-align: justify;\">Dzie\u0144 29 czerwca 1988r rozpocz\u0105\u0142 si\u0119 dla 11-osobowej grupy turyst\u00f3w w\u0119druj\u0105cych ju\u017c 9 zie\u0144 po Bieszczadach niezbyt pomy\u015blnie.\u00a0Parna noc nie pozwoli\u0142a dobrze wypocz\u0105\u0107 po trudach w\u0119dr\u00f3wki, sp\u00f3\u017cnione \u015bniadanie i duchota wisz\u0105ca w powietrzu nie nastraja\u0142y optymistycznie. Dodatkowo Waldek zapowiada\u0142 burz\u0119.<br \/>\nZ godzinnym op\u00f3\u017cnieniem grup wysz\u0142a przez Szeroki Wierch w kierunku Halicz. Na Prze\u0142\u0119czy Goprowc\u00f3w przy \u017cr\u00f3de\u0142ku nast\u0105pi\u0142 kr\u00f3tki odpoczynek po\u0142\u0105czony z posi\u0142kiem. Oko\u0142o po\u0142udnia grupa osi\u0105gn\u0119\u0142a Halicz. Wtedy od strony ukrai\u0144skiej odezwa\u0142y si\u0119 pierwsze pomruki burzy.<br \/>\nBurza z ulew\u0105 i gradem dopad\u0142a w\u0119drowc\u00f3w po mini\u0119ciu Prze\u0142\u0119czy Bukowskiej.<br \/>\nJedno z wy\u0142adowa\u0144 atmosferycznych porazi\u0142o w grupie cztery osoby w tym jak si\u0119 p\u00f3\u017aniej okaza\u0142o Waldemara Balcerowicz \u015bmiertelnie.<br \/>\nWaldemar Balcerowicz urodzi\u0142 si\u0119 5 kwietnia 1955r w rodzinie nauczycielskiej. Sam zosta\u0142 nauczycielem w Liceum Og\u00f3lnokszta\u0142c\u0105cym w W\u0105growcu po uko\u0144czeniu studi\u00f3w geograficznych na Uniwersytecie Adam Mickiewicza w Poznaniu.<br \/>\nPracuj\u0105c zawodowo pog\u0142\u0119bia\u0142 swoje wykszta\u0142cenie na studiach podyplomowych.<br \/>\nObok pracy zawodowej udziela\u0142 si\u0119 spo\u0142ecznie. Pe\u0142ni\u0142 funkcj\u0119 radnego w Radzie Miejskiej miasta W\u0105growca. By\u0142 zami\u0142owanym turyst\u0105 i krajoznawc\u0105. Zosta\u0142 prezesem Oddzia\u0142u PTTK w W\u0105growcu doprowadzaj\u0105c go do rozkwitu dzia\u0142alno\u015bci programowej. Podj\u0105\u0142 ciekaw\u0105 inicjatyw\u0119 pieszej w\u0119dr\u00f3wki wok\u00f3\u0142 Polski. Niestety przedwczesna \u015bmier\u0107 uniemo\u017cliwi\u0142a Mu doko\u0144czenia tego zamierzenia. By\u0142 autorem szeregu publikacji o tematyce turystycznej i krajoznawczej. Przyczyni\u0142 si\u0119 do utworzenia Pa\u0142uckiej Odznaki Krajoznawczej. Posiada\u0142 uprawnienia Przodownika turystyki Pieszej i Instruktora Krajoznawstwa Regionu.<br \/>\nZa dzia\u0142alno\u015b\u0107 w PTTK uzyska\u0142 wyr\u00f3\u017cnienia:<br \/>\nDyplom Honorowy Wojew\u00f3dztwa i Zarz\u0105du G\u0142\u00f3wnego PTTK Z\u0142ot\u0105 Odznak\u0119 Zas\u0142u\u017cony w Pracy PTTK W\u015br\u00f3d M\u0142odziezy.<br \/>\nPonadto Waldemar Balcerowicz by\u0142 oddanym dzia\u0142aczem harcerskim. Posiada\u0142 stopie\u0144 harcmistrza.<br \/>\nOd 1 lipca 1987 r. zosta\u0142 dyrektorem Muzeum Regionalnego w W\u0105growcu, w kt\u00f3rego urz\u0105dzenie w\u0142o\u017cy\u0142 wiele wysi\u0142ku organizacyjnego i pomys\u0142owo\u015bci.<br \/>\nPrzedwczesna \u015bmier\u0107 odebra\u0142a rodzinie ojca i m\u0119\u017ca, a w \u015brodowisku spo\u0142eczno\u015bci naszego regionu warto\u015bciowego organizatora i inicjatora wielu przedsi\u0119wzi\u0119\u0107 kulturalnych i spo\u0142ecznych.<\/p>\n","protected":false},"excerpt":{"rendered":"<p>Wspomnienie o mgr Waldemarze\u00a0Balcerowiczu Dzie\u0144 29 czerwca 1988r rozpocz\u0105\u0142 si\u0119 dla 11-osobowej grupy turyst\u00f3w w\u0119druj\u0105cych ju\u017c 9 zie\u0144 po Bieszczadach niezbyt pomy\u015blnie.\u00a0Parna noc nie pozwoli\u0142a dobrze wypocz\u0105\u0107 po trudach w\u0119dr\u00f3wki, [&hellip;]<\/p>\n","protected":false},"author":3,"featured_media":0,"parent":0,"menu_order":0,"comment_status":"closed","ping_status":"closed","template":"","meta":[],"_links":{"self":[{"href":"https:\/\/wagrowiec.pttk.pl\/index.php?rest_route=\/wp\/v2\/pages\/73"}],"collection":[{"href":"https:\/\/wagrowiec.pttk.pl\/index.php?rest_route=\/wp\/v2\/pages"}],"about":[{"href":"https:\/\/wagrowiec.pttk.pl\/index.php?rest_route=\/wp\/v2\/types\/page"}],"author":[{"embeddable":true,"href":"https:\/\/wagrowiec.pttk.pl\/index.php?rest_route=\/wp\/v2\/users\/3"}],"replies":[{"embeddable":true,"href":"https:\/\/wagrowiec.pttk.pl\/index.php?rest_route=%2Fwp%2Fv2%2Fcomments&post=73"}],"version-history":[{"count":4,"href":"https:\/\/wagrowiec.pttk.pl\/index.php?rest_route=\/wp\/v2\/pages\/73\/revisions"}],"predecessor-version":[{"id":81,"href":"https:\/\/wagrowiec.pttk.pl\/index.php?rest_route=\/wp\/v2\/pages\/73\/revisions\/81"}],"wp:attachment":[{"href":"https:\/\/wagrowiec.pttk.pl\/index.php?rest_route=%2Fwp%2Fv2%2Fmedia&parent=73"}],"curies":[{"name":"wp","href":"https:\/\/api.w.org\/{rel}","templated":true}]}}