{"id":59,"date":"2014-03-25T21:54:39","date_gmt":"2014-03-25T20:54:39","guid":{"rendered":"http:\/\/wagrowiec.pttk.pl\/?page_id=59"},"modified":"2014-04-23T17:38:55","modified_gmt":"2014-04-23T15:38:55","slug":"k-t-r-paluki-tour","status":"publish","type":"page","link":"https:\/\/wagrowiec.pttk.pl\/?page_id=59","title":{"rendered":"K.T.R. \u201ePA\u0141UKI TOUR\u201d"},"content":{"rendered":"<p><a href=\"https:\/\/wagrowiec.pttk.pl\/wp-content\/uploads\/2014\/03\/image101.png\"><img decoding=\"async\" loading=\"lazy\" class=\"size-medium wp-image-7 aligncenter\" alt=\"image101\" src=\"https:\/\/wagrowiec.pttk.pl\/wp-content\/uploads\/2014\/03\/image101-300x300.png\" width=\"300\" height=\"300\" srcset=\"https:\/\/wagrowiec.pttk.pl\/wp-content\/uploads\/2014\/03\/image101-300x300.png 300w, https:\/\/wagrowiec.pttk.pl\/wp-content\/uploads\/2014\/03\/image101-150x150.png 150w, https:\/\/wagrowiec.pttk.pl\/wp-content\/uploads\/2014\/03\/image101.png 500w\" sizes=\"(max-width: 300px) 100vw, 300px\" \/><\/a><\/p>\n<p style=\"text-align: justify;\"><span style=\"font-family: 'Liberation Serif', 'Times New Roman', serif;\"><span style=\"font-size: large;\">Pierwsze wzmianki o dzia\u0142alno\u015bci turystyki rowerowej cz\u0142onk\u00f3w PTTK na naszym terenie datuj\u0105 si\u0119 na rok 2003 . W\u0142a\u015bnie w tym czasie zorganizowano na terenie naszego Powiatu W\u0105growieckiego I Rowerowy Rajd Rodzinny . Jego celem by\u0142o poznawanie walor\u00f3w krajobrazowych i krajoznawczych naszego Powiatu, promowanie czynnego wypoczynku oraz integracja \u015brodowiska os\u00f3b preferuj\u0105cych aktywne jego formy. W\u015br\u00f3d kierownictwa rajdu znajdowa\u0142o si\u0119 wielu naszych \u00f3wczesnych dzia\u0142aczy PTTK jak: Romuald Styczy\u0144ski , Olgierd Nalewalski, J\u00f3zef Robakowski. Kolejn\u0105 inicjatyw\u0105 ciesz\u0105c\u0105 si\u0119 du\u017cym powodzeniem by\u0142 Rowerowy Rajd Wysokokwalifikowany Harpagan Pa\u0142ucki, kt\u00f3ry odbywa\u0142 si\u0119 od roku 2005- 2008. By\u0142 to rajd o zasi\u0119gu wielkopolskim. Wtedy te\u017c pojawi\u0142o si\u0119 nowe nazwisko- dzia\u0142acza Jerzego Szoci\u0144skiego &#8211; kierownika tego rajdu w 2006 r.<\/span><\/span><\/p>\n<p style=\"text-align: justify;\"><span style=\"font-family: 'Liberation Serif', 'Times New Roman', serif;\"><span style=\"font-size: large;\">20 stycznia 2006 roku na swoim inauguracyjnym spotkaniu Oddzia\u0142owa Komisja Kolarska przy PTTK w W\u0105growcu ukonstytuowa\u0142a si\u0119 w nast\u0119puj\u0105cy spos\u00f3b:<\/span><\/span><\/p>\n<p style=\"text-align: justify;\"><span style=\"font-family: 'Liberation Serif', 'Times New Roman', serif;\"><span style=\"font-size: large;\">Lewandowski Zbigniew &#8211; Przewodnicz\u0105cy<\/span><\/span><\/p>\n<p style=\"text-align: justify;\"><span style=\"font-family: 'Liberation Serif', 'Times New Roman', serif;\"><span style=\"font-size: large;\">Tadeusz Wi\u015bniewski &#8211; Z-ca Przewodnicz\u0105cego<\/span><\/span><\/p>\n<p style=\"text-align: justify;\"><span style=\"font-family: 'Liberation Serif', 'Times New Roman', serif;\"><span style=\"font-size: large;\">Maria Lalik &#8211; Z-ca Przewodnicz\u0105cego<\/span><\/span><\/p>\n<p style=\"text-align: justify;\"><span style=\"font-family: 'Liberation Serif', 'Times New Roman', serif;\"><span style=\"font-size: large;\">Olgierd Nalewalski &#8211; Sekretarz<\/span><\/span><\/p>\n<p style=\"text-align: justify;\"><span style=\"font-family: 'Liberation Serif', 'Times New Roman', serif;\"><span style=\"font-size: large;\">Romuald Styczy\u0144ski &#8211; Cz\u0142onek Komisji<\/span><\/span><\/p>\n<p style=\"text-align: justify;\"><span style=\"font-family: 'Liberation Serif', 'Times New Roman', serif;\"><span style=\"font-size: large;\">J\u00f3zef Robakowski &#8211; &#8211; &#8221; &#8211;<\/span><\/span><\/p>\n<p style=\"text-align: justify;\"><span style=\"font-family: 'Liberation Serif', 'Times New Roman', serif;\"><span style=\"font-size: large;\">Ewa Zeman &#8211; &#8211; &#8221; &#8211;<\/span><\/span><\/p>\n<p style=\"text-align: justify;\"><span style=\"font-family: 'Liberation Serif', 'Times New Roman', serif;\"><span style=\"font-size: large;\">Celem komisji by\u0142a popularyzacja turystyki rowerowej po\u0142\u0105czonej z krajoznawstwem, zdobywanie odznak kolarskich, wzrost liczebno\u015bci kadry w zakresie turystyki rowerowej oraz utrzymywanie kontakt\u00f3w ze \u015brodowiskami kolarskimi spoza Oddzia\u0142u w celu wsp\u00f3\u0142pracy programowej i organizacyjnej.<\/span><\/span><\/p>\n<p style=\"text-align: justify;\"><span style=\"font-family: 'Liberation Serif', 'Times New Roman', serif;\"><span style=\"font-size: large;\">W roku 2007, kiedy to kol. Lewandowski Zbigniew przeszed\u0142 do innego Oddzia\u0142u PTTK, komisja wybra\u0142a jednog\u0142o\u015bnie na stanowisko przewodnicz\u0105cego<\/span><\/span><\/p>\n<p style=\"text-align: justify;\"><span style=\"font-family: 'Liberation Serif', 'Times New Roman', serif;\"><span style=\"font-size: large;\">kol. Tadeusza Wi\u015bniewskiego, a zast\u0119pc\u0105 zosta\u0142 kol. Romuald Styczy\u0144ski. Od 2007 r. rozpocz\u0119\u0142y si\u0119 cykliczne wyjazdy na trasy rowerowe pod nazw\u0105 \u201e Niedziela w siode\u0142ku&#8221;. W tym samym roku zorganizowano wyjazdy na nast\u0119puj\u0105ce imprezy : Pilsk\u0105 setk\u0119 , Rajd Szlakiem Wielkopolskich Park\u00f3w Krajobrazowych , Borne Sulinowo, Rajd Winobrania Zielona G\u00f3ra, Rajd Ceramik\u00f3w oraz Szlakiem Zamk\u00f3w i Pa\u0142ac\u00f3w Wlkp.<\/span><\/span><\/p>\n<p style=\"text-align: justify;\"><span style=\"font-family: 'Liberation Serif', 'Times New Roman', serif;\"><span style=\"font-size: large;\">W roku 2008 Komisja Turystyki Rowerowej O\/ W\u0105growiec w dalszym ci\u0105gu kontynuowa\u0142a cykliczne wyjazdy niedzielne. Zorganizowa\u0142a r\u00f3wnie\u017c wyjazd do Drawie\u0144skiego Parku Narodowego, a tak\u017ce Rajd Rowerowy Szlakami Mazur oraz Wybrze\u017ca \u015arodkowego Gardna. Odby\u0142y si\u0119 r\u00f3wnie\u017c wyjazdy na szlaki PKW, Szlakiem Zamk\u00f3w i Pa\u0142ac\u00f3w Wlkp. oraz Rajd Ceramika.<\/span><\/span><\/p>\n<p style=\"text-align: justify;\"><span style=\"font-family: 'Liberation Serif', 'Times New Roman', serif;\"><span style=\"font-size: large;\">Na koniec 2008 roku Oddzia\u0142 PTTK liczy\u0142 oko\u0142o 200 cz\u0142onk\u00f3w i zgodnie z wytycznymi ZG PTTK nale\u017ca\u0142o powo\u0142a\u0107 kluby. <\/span><\/span><\/p>\n<p style=\"text-align: justify;\"><span style=\"font-family: 'Liberation Serif', 'Times New Roman', serif;\"><span style=\"font-size: large;\">W dniu 12 lutego 2009 roku na za\u0142o\u017cycielskim spotkaniu powo\u0142ano Klub Turystyki Rowerowej \u201ePa\u0142uki Tour &#8221;. Jego prezesem zosta\u0142 kol. Tomasz Biegun, z-c\u0105 prezesa kol. Tadeusz Wi\u015bniewski. Na przewodnicz\u0105cym komisji rewizyjnej wybrano kol. J\u00f3zefa Robakowskiego. W pierwszym roku dzia\u0142alno\u015bci KTR tradycyjnie utrzymano wyjazdy niedzielne, a tak\u017ce udzia\u0142 w rajdach: Szlakami Park\u00f3w Krajobrazowych Wielkopolski, Pozna\u0144skie Kozio\u0142ki, Zamki i Pa\u0142ace Wielkopolski oraz w Rajdzie Ceramika do Chodzie\u017cy. Klub zorganizowa\u0142 r\u00f3wnie\u017c dwudniowy wyjazd rowerowy do Lubasza. Bardzo du\u017cym powodzeniem cieszy\u0142y si\u0119 festyny kolarskie z udzia\u0142em rodzin wielopokoleniowych.<\/span><\/span><\/p>\n<p style=\"text-align: justify;\"><span style=\"font-family: 'Liberation Serif', 'Times New Roman', serif;\"><span style=\"font-size: large;\">Po zako\u0144czeniu sezonu najbardziej wytrwa\u0142ym rowerzystom wr\u0119czano puchary i statuetki \u201e Kolarza Twardziela &#8221;. Z biegiem czasu trwania dzia\u0142alno\u015bci KTR nawi\u0105zano wsp\u00f3\u0142prac\u0119 z innymi klubami i zwi\u0105zkami kolarskimi. Do takich<\/span><\/span><\/p>\n<p style=\"text-align: justify;\"><span style=\"font-family: 'Liberation Serif', 'Times New Roman', serif;\"><span style=\"font-size: large;\">nale\u017c\u0105 mi\u0119dzy innymi: Sigma- Pozna\u0144, GTR Wrze\u015bnianie, Ciklo \u2013 Konin, \u017bwawe Dziadki \u2013 \u015arem. W roku 2012 KTR by\u0142 organizatorem X Jubileuszowego Zjazdu Przodownik\u00f3w Turystyki Rowerowej z Wielkopolski. By\u0142a to bardzo udana impreza, kt\u00f3ra na d\u0142ugo zostanie w naszej pami\u0119ci. <\/span><\/span><\/p>\n<p style=\"text-align: justify;\"><span style=\"font-family: 'Liberation Serif', 'Times New Roman', serif;\"><span style=\"font-size: large;\">Cz\u0142onkowie KTR bior\u0105 udzia\u0142 w Og\u00f3lnopolskim Rajdzie S\u0142upa Koni\u0144skiego, z kt\u00f3rego corocznie przywo\u017c\u0105 wiele nagr\u00f3d indywidualnych oraz puchary za najlepiej zorganizowan\u0105 grup\u0119 kolarsk\u0105. Z wielk\u0105 satysfakcj\u0105 uczestnicz\u0105 w Rajdzie Fortuny i Rajdzie po Ziemi Wrzesi\u0144skiej organizowanej przez naszych przyjaci\u00f3\u0142 z GTR Wrze\u015bnianie. Co roku cz\u0142onkowie obu grup spotykaj\u0105 si\u0119 na wsp\u00f3lnych imprezach integracyjnych. Nale\u017cy do nich zaliczy\u0107 Rajd &#8211; Pielgrzymka do Cz\u0119stochowy oraz Rajd Szlakiem Orlich Gniazd . <\/span><\/span><\/p>\n<p style=\"text-align: justify;\"><span style=\"font-family: 'Liberation Serif', 'Times New Roman', serif;\"><span style=\"font-size: large;\">Obecnie Klub Turystyki Rowerowej \u201e Pa\u0142uki Tour &#8221; przy Oddziale PTTK w W\u0105growcu posiada 1 przodownika, 7 odznak srebrnych oraz 21 odznak br\u0105zowych. Na t\u0119 chwil\u0119 3 turyst\u00f3w rowerowych jest w trakcie zdobywania z\u0142otej odznaki kolarskiej, Ju\u017c 4 rowerzyst\u00f3w zaliczy\u0142o Rajd Pi\u0142a \u2013 500, czyli 500 km po trasach w okolicach Pi\u0142y na 500 lecie tego miasta, natomiast 6 jest w trakcie zdobywania tych tras. Z naszego klubu 15 rowerzyst\u00f3w zosta\u0142o zweryfikowanych do odznaki 60-lecia Turystyki Rowerowej w PTTK.<\/span><\/span><\/p>\n<p style=\"text-align: justify;\"><span style=\"font-family: 'Liberation Serif', 'Times New Roman', serif;\"><span style=\"font-size: large;\">Rok 2014 b\u0119dzie r\u00f3wnie\u017c rokiem wielu wyjazd\u00f3w i rajd\u00f3w rowerowych. Naszych rowerzyst\u00f3w nie zabraknie na rajdach po Ziemi Wielkopolskiej jak i na rajdach o charakterze og\u00f3lnopolskim.<\/span><\/span><\/p>\n<p><a href=\"https:\/\/wagrowiec.pttk.pl\/wp-content\/uploads\/2014\/03\/DSC04478.jpg\"><img decoding=\"async\" loading=\"lazy\" class=\"size-medium wp-image-66 aligncenter\" alt=\"SONY DSC\" src=\"https:\/\/wagrowiec.pttk.pl\/wp-content\/uploads\/2014\/03\/DSC04478-300x199.jpg\" width=\"300\" height=\"199\" srcset=\"https:\/\/wagrowiec.pttk.pl\/wp-content\/uploads\/2014\/03\/DSC04478-300x199.jpg 300w, https:\/\/wagrowiec.pttk.pl\/wp-content\/uploads\/2014\/03\/DSC04478-1024x681.jpg 1024w\" sizes=\"(max-width: 300px) 100vw, 300px\" \/><\/a><\/p>\n<p><a href=\"https:\/\/wagrowiec.pttk.pl\/wp-content\/uploads\/2014\/03\/DSC04480.jpg\"><img decoding=\"async\" loading=\"lazy\" class=\"alignnone size-medium wp-image-67 aligncenter\" alt=\"SONY DSC\" src=\"https:\/\/wagrowiec.pttk.pl\/wp-content\/uploads\/2014\/03\/DSC04480-300x199.jpg\" width=\"300\" height=\"199\" srcset=\"https:\/\/wagrowiec.pttk.pl\/wp-content\/uploads\/2014\/03\/DSC04480-300x199.jpg 300w, https:\/\/wagrowiec.pttk.pl\/wp-content\/uploads\/2014\/03\/DSC04480-1024x681.jpg 1024w\" sizes=\"(max-width: 300px) 100vw, 300px\" \/><\/a><\/p>\n","protected":false},"excerpt":{"rendered":"<p>Pierwsze wzmianki o dzia\u0142alno\u015bci turystyki rowerowej cz\u0142onk\u00f3w PTTK na naszym terenie datuj\u0105 si\u0119 na rok 2003 . W\u0142a\u015bnie w tym czasie zorganizowano na terenie naszego Powiatu W\u0105growieckiego I Rowerowy Rajd [&hellip;]<\/p>\n","protected":false},"author":3,"featured_media":0,"parent":106,"menu_order":0,"comment_status":"closed","ping_status":"closed","template":"","meta":[],"_links":{"self":[{"href":"https:\/\/wagrowiec.pttk.pl\/index.php?rest_route=\/wp\/v2\/pages\/59"}],"collection":[{"href":"https:\/\/wagrowiec.pttk.pl\/index.php?rest_route=\/wp\/v2\/pages"}],"about":[{"href":"https:\/\/wagrowiec.pttk.pl\/index.php?rest_route=\/wp\/v2\/types\/page"}],"author":[{"embeddable":true,"href":"https:\/\/wagrowiec.pttk.pl\/index.php?rest_route=\/wp\/v2\/users\/3"}],"replies":[{"embeddable":true,"href":"https:\/\/wagrowiec.pttk.pl\/index.php?rest_route=%2Fwp%2Fv2%2Fcomments&post=59"}],"version-history":[{"count":4,"href":"https:\/\/wagrowiec.pttk.pl\/index.php?rest_route=\/wp\/v2\/pages\/59\/revisions"}],"predecessor-version":[{"id":68,"href":"https:\/\/wagrowiec.pttk.pl\/index.php?rest_route=\/wp\/v2\/pages\/59\/revisions\/68"}],"up":[{"embeddable":true,"href":"https:\/\/wagrowiec.pttk.pl\/index.php?rest_route=\/wp\/v2\/pages\/106"}],"wp:attachment":[{"href":"https:\/\/wagrowiec.pttk.pl\/index.php?rest_route=%2Fwp%2Fv2%2Fmedia&parent=59"}],"curies":[{"name":"wp","href":"https:\/\/api.w.org\/{rel}","templated":true}]}}