{"id":53,"date":"2014-03-25T21:53:59","date_gmt":"2014-03-25T20:53:59","guid":{"rendered":"http:\/\/wagrowiec.pttk.pl\/?page_id=53"},"modified":"2018-09-23T11:04:39","modified_gmt":"2018-09-23T09:04:39","slug":"k-t-g-szrlotka","status":"publish","type":"page","link":"https:\/\/wagrowiec.pttk.pl\/?page_id=53","title":{"rendered":"K.T.G. \u201eSZAROTKA\u201d"},"content":{"rendered":"<p><a href=\"https:\/\/wagrowiec.pttk.pl\/wp-content\/uploads\/2014\/03\/Szarotka-2.jpg\"><img decoding=\"async\" loading=\"lazy\" class=\"size-medium wp-image-56 aligncenter\" src=\"https:\/\/wagrowiec.pttk.pl\/wp-content\/uploads\/2014\/03\/Szarotka-2-300x253.jpg\" alt=\"Szarotka (2)\" width=\"300\" height=\"253\" srcset=\"https:\/\/wagrowiec.pttk.pl\/wp-content\/uploads\/2014\/03\/Szarotka-2-300x253.jpg 300w, https:\/\/wagrowiec.pttk.pl\/wp-content\/uploads\/2014\/03\/Szarotka-2.jpg 716w\" sizes=\"(max-width: 300px) 100vw, 300px\" \/><\/a><\/p>\n<p style=\"text-align: justify;\"><a name=\"_GoBack\"><\/a><span style=\"font-size: medium;\">Klub Turystyki G\u00f3rskiej \u201eSzarotka\u201d przy oddziale PTTK w W\u0105growcu powsta\u0142 7.01.2009r. Ch\u0119\u0107 stworzenia \u201eklubu g\u00f3rali\u201d kie\u0142kowa\u0142a wcze\u015bniej, ale w W\u0105growcu \u017cycie turystyczne toczy\u0142o si\u0119 na spotkaniach Oddzia\u0142u PTTK. I Zarz\u0105d Klu<\/span><span style=\"font-size: medium; line-height: 1.5;\">bu dzia\u0142a\u0142 w sk\u0142adzie: Stefan Strychalski &#8211; prezes, Romuald Styczy\u0144ski &#8211; zast\u0119pca, Tomasz Biegun i Roman Koz\u0142owski &#8211; cz\u0142onkowie.Od 25 listopada 2016 r. Zarz\u0105d dzia\u0142a w nowym sk\u0142adzie: Stefan Strychalski &#8211; prezes, Anna Graj &#8211; zast\u0119pca, Lucyna Cegielska, Joanna Tylek-Kozd\u0119ba, Anna Niespodziana &#8211; cz\u0142onkowie.<\/span><span style=\"font-size: medium; line-height: 1.5;\">. Imprezy organizowane przez klub maj\u0105 charakter cykliczny. Rozpocz\u0119cie i koniec sezonu to wycieczki samochodowe w r\u00f3\u017cne pasma g\u00f3rskie. Latem to cu<\/span><span style=\"font-size: medium; line-height: 1.5;\">downe wyjazdy w Tatry.\u00a0<\/span><span style=\"font-size: medium; line-height: 1.5;\">S\u0105<\/span><span style=\"font-size: medium; line-height: 1.5;\">\u00a0organizowane przez klub tak\u017ce wycieczki krajoznawcze nie tylko w g\u00f3ry. Odbywaj\u0105 si\u0119 doroczne imprezy integracyjne z innymi klubami g\u00f3rskimi z Wielkopolski.\u00a0 Klub liczy obecnie oko\u0142o 70 cz\u0142onk\u00f3w i ma wielkie plany na przysz\u0142o\u015b\u0107. Zapraszamy kochaj\u0105cych g\u00f3ry na wielk\u0105 niezapomnian\u0105 przygod\u0119.<\/span><\/p>\n<p><img decoding=\"async\" loading=\"lazy\" class=\"size-medium wp-image-57 aligncenter\" src=\"https:\/\/wagrowiec.pttk.pl\/wp-content\/uploads\/2014\/03\/Szarotka-300x216.jpg\" alt=\"Szarotka\" width=\"300\" height=\"216\" srcset=\"https:\/\/wagrowiec.pttk.pl\/wp-content\/uploads\/2014\/03\/Szarotka-300x216.jpg 300w, https:\/\/wagrowiec.pttk.pl\/wp-content\/uploads\/2014\/03\/Szarotka.jpg 670w\" sizes=\"(max-width: 300px) 100vw, 300px\" \/><\/p>\n","protected":false},"excerpt":{"rendered":"<p>Klub Turystyki G\u00f3rskiej \u201eSzarotka\u201d przy oddziale PTTK w W\u0105growcu powsta\u0142 7.01.2009r. Ch\u0119\u0107 stworzenia \u201eklubu g\u00f3rali\u201d kie\u0142kowa\u0142a wcze\u015bniej, ale w W\u0105growcu \u017cycie turystyczne toczy\u0142o si\u0119 na spotkaniach Oddzia\u0142u PTTK. I Zarz\u0105d [&hellip;]<\/p>\n","protected":false},"author":3,"featured_media":0,"parent":106,"menu_order":0,"comment_status":"closed","ping_status":"closed","template":"","meta":[],"_links":{"self":[{"href":"https:\/\/wagrowiec.pttk.pl\/index.php?rest_route=\/wp\/v2\/pages\/53"}],"collection":[{"href":"https:\/\/wagrowiec.pttk.pl\/index.php?rest_route=\/wp\/v2\/pages"}],"about":[{"href":"https:\/\/wagrowiec.pttk.pl\/index.php?rest_route=\/wp\/v2\/types\/page"}],"author":[{"embeddable":true,"href":"https:\/\/wagrowiec.pttk.pl\/index.php?rest_route=\/wp\/v2\/users\/3"}],"replies":[{"embeddable":true,"href":"https:\/\/wagrowiec.pttk.pl\/index.php?rest_route=%2Fwp%2Fv2%2Fcomments&post=53"}],"version-history":[{"count":4,"href":"https:\/\/wagrowiec.pttk.pl\/index.php?rest_route=\/wp\/v2\/pages\/53\/revisions"}],"predecessor-version":[{"id":1518,"href":"https:\/\/wagrowiec.pttk.pl\/index.php?rest_route=\/wp\/v2\/pages\/53\/revisions\/1518"}],"up":[{"embeddable":true,"href":"https:\/\/wagrowiec.pttk.pl\/index.php?rest_route=\/wp\/v2\/pages\/106"}],"wp:attachment":[{"href":"https:\/\/wagrowiec.pttk.pl\/index.php?rest_route=%2Fwp%2Fv2%2Fmedia&parent=53"}],"curies":[{"name":"wp","href":"https:\/\/api.w.org\/{rel}","templated":true}]}}