{"id":27,"date":"2014-03-25T20:56:00","date_gmt":"2014-03-25T19:56:00","guid":{"rendered":"http:\/\/wagrowiec.pttk.pl\/?page_id=27"},"modified":"2014-07-08T22:53:11","modified_gmt":"2014-07-08T20:53:11","slug":"strona-glowna","status":"publish","type":"page","link":"https:\/\/wagrowiec.pttk.pl\/","title":{"rendered":"Strona g\u0142\u00f3wna"},"content":{"rendered":"<h2 style=\"text-align: center;\">Witamy na stronie oddzia\u0142u PTTK<\/h2>\n<h2 style=\"text-align: center;\">im. Waldemara Balcerowicza w W\u0105growcu<\/h2>\n<p style=\"text-align: center;\"><a href=\"https:\/\/wagrowiec.pttk.pl\/wp-content\/uploads\/2014\/03\/PTTK.jpg\"><img decoding=\"async\" loading=\"lazy\" alt=\"PTTK\" src=\"https:\/\/wagrowiec.pttk.pl\/wp-content\/uploads\/2014\/03\/PTTK-300x298.jpg\" width=\"300\" height=\"298\" \/><\/a><\/p>\n<h2 style=\"text-align: center;\">Rok 2014 rokiem turystyki<br \/>\nTurystyka \u0142\u0105czy pokolenia<\/h2>\n<h2><\/h2>\n<h2 style=\"text-align: center;\"><strong>Spotkania oddzia\u0142owe odbywaj\u0105 si\u0119 w ka\u017cd\u0105\u00a0<\/strong><strong>ostatni\u0105\u00a0<\/strong><strong>\u015brod\u0119 miesi\u0105ca <\/strong><\/h2>\n<h2 style=\"text-align: center;\"><strong>o godzinie 19:00 w Miejskim\u00a0Domu Kultury.<\/strong><\/h2>\n<h2 style=\"text-align: center;\"><strong>ZAPRASZAMY!<\/strong><\/h2>\n","protected":false},"excerpt":{"rendered":"<p>Witamy na stronie oddzia\u0142u PTTK im. Waldemara Balcerowicza w W\u0105growcu Rok 2014 rokiem turystyki Turystyka \u0142\u0105czy pokolenia Spotkania oddzia\u0142owe odbywaj\u0105 si\u0119 w ka\u017cd\u0105\u00a0ostatni\u0105\u00a0\u015brod\u0119 miesi\u0105ca o godzinie 19:00 w Miejskim\u00a0Domu Kultury. [&hellip;]<\/p>\n","protected":false},"author":3,"featured_media":0,"parent":0,"menu_order":0,"comment_status":"closed","ping_status":"closed","template":"","meta":[],"_links":{"self":[{"href":"https:\/\/wagrowiec.pttk.pl\/index.php?rest_route=\/wp\/v2\/pages\/27"}],"collection":[{"href":"https:\/\/wagrowiec.pttk.pl\/index.php?rest_route=\/wp\/v2\/pages"}],"about":[{"href":"https:\/\/wagrowiec.pttk.pl\/index.php?rest_route=\/wp\/v2\/types\/page"}],"author":[{"embeddable":true,"href":"https:\/\/wagrowiec.pttk.pl\/index.php?rest_route=\/wp\/v2\/users\/3"}],"replies":[{"embeddable":true,"href":"https:\/\/wagrowiec.pttk.pl\/index.php?rest_route=%2Fwp%2Fv2%2Fcomments&post=27"}],"version-history":[{"count":5,"href":"https:\/\/wagrowiec.pttk.pl\/index.php?rest_route=\/wp\/v2\/pages\/27\/revisions"}],"predecessor-version":[{"id":228,"href":"https:\/\/wagrowiec.pttk.pl\/index.php?rest_route=\/wp\/v2\/pages\/27\/revisions\/228"}],"wp:attachment":[{"href":"https:\/\/wagrowiec.pttk.pl\/index.php?rest_route=%2Fwp%2Fv2%2Fmedia&parent=27"}],"curies":[{"name":"wp","href":"https:\/\/api.w.org\/{rel}","templated":true}]}}