{"id":261,"date":"2014-09-05T18:37:25","date_gmt":"2014-09-05T16:37:25","guid":{"rendered":"http:\/\/wagrowiec.pttk.pl\/?page_id=261"},"modified":"2014-09-14T09:38:37","modified_gmt":"2014-09-14T07:38:37","slug":"k-t-r-siodelko-z-miesciska","status":"publish","type":"page","link":"https:\/\/wagrowiec.pttk.pl\/?page_id=261","title":{"rendered":"K.T.R &#8222;SIODE\u0141KO Z MIE\u015aCISKA&#8221;"},"content":{"rendered":"<p style=\"text-align: center;\"><em><a href=\"https:\/\/wagrowiec.pttk.pl\/wp-content\/uploads\/2014\/09\/Logo.jpg\"><img decoding=\"async\" loading=\"lazy\" class=\"alignnone size-medium wp-image-267\" alt=\"Logo\" src=\"https:\/\/wagrowiec.pttk.pl\/wp-content\/uploads\/2014\/09\/Logo-300x292.jpg\" width=\"300\" height=\"292\" srcset=\"https:\/\/wagrowiec.pttk.pl\/wp-content\/uploads\/2014\/09\/Logo-300x292.jpg 300w, https:\/\/wagrowiec.pttk.pl\/wp-content\/uploads\/2014\/09\/Logo.jpg 494w\" sizes=\"(max-width: 300px) 100vw, 300px\" \/><\/a>\u00a0<\/em><\/p>\n<p align=\"JUSTIFY\">Na pierwszym spotkaniu w Gminnym Centrum Informacji w Mie\u015bcisku zebra\u0142a si\u0119\u00a0grupa znajomych, kt\u00f3rych \u0142\u0105czy\u0142o zami\u0142owanie do rowerowych trip\u00f3w po okolicy Mie\u015bciska. Czuli wewn\u0119trzn\u0105 potrzeb\u0119 rozpropagowania takiej aktywno\u015bci na szersze grono mieszka\u0144c\u00f3w gminy.<\/p>\n<p align=\"JUSTIFY\">Dzi\u0119ki poczuciu w\u0142asnej odr\u0119bno\u015bci i ch\u0119ci zrobienia czego\u015b ponad gminne standardy pad\u0142 pomys\u0142 stworzenia Klubu Turystyki Rowerowej przy wsp\u00f3\u0142pracy z PTTK \u2013 takie rozwi\u0105zanie dawa\u0142o du\u017co szersze pole dzia\u0142ania, mi\u0119dzy innymi mo\u017cliwo\u015b\u0107 brania udzia\u0142u w\u00a0imprezach organizowanych na terenie ca\u0142ej Polski.<\/p>\n<p align=\"JUSTIFY\">Klub Turystyki Rowerowej \u201eSIODE\u0141KO\u201d w Mie\u015bcisku powsta\u0142 29.07.2012. W\u00a0zarz\u0105dzie Klubu zasiedli: Maria Malczewska, Jan Szcze\u015bniak i Tomasz Samarzewski.<\/p>\n<p align=\"JUSTIFY\">Od tego czasu sympatycy rowerowych woja\u017cy wzi\u0119li udzia\u0142 w blisko trzydziestu wyjazdach &#8211; zjednoczeni pod wsp\u00f3lnym sztandarem. Klub rozwija si\u0119, coraz wi\u0119cej ch\u0119tnych wst\u0119puje w jego szeregi, organizatorzy decyduj\u0105 si\u0119 na coraz odwa\u017cniejsze wyprawy: d\u0142u\u017csze, bardziej intensywne i zahaczaj\u0105ce o kolejne ciekawe miejsca, na kt\u00f3rych zwiedzanie trudno by\u0142oby si\u0119 zdecydowa\u0107 b\u0119d\u0105c samemu.<\/p>\n<p align=\"JUSTIFY\">W tym momencie klub liczy sobie 28 os\u00f3b, a zarz\u0105d tworz\u0105: Maria Malczewska (prezes), Jan Szcze\u015bniak (wiceprezes) i Janina Chrostowska (sekretarz-skarbnik).<\/p>\n<p align=\"JUSTIFY\">\n","protected":false},"excerpt":{"rendered":"<p>\u00a0 Na pierwszym spotkaniu w Gminnym Centrum Informacji w Mie\u015bcisku zebra\u0142a si\u0119\u00a0grupa znajomych, kt\u00f3rych \u0142\u0105czy\u0142o zami\u0142owanie do rowerowych trip\u00f3w po okolicy Mie\u015bciska. Czuli wewn\u0119trzn\u0105 potrzeb\u0119 rozpropagowania takiej aktywno\u015bci na szersze [&hellip;]<\/p>\n","protected":false},"author":3,"featured_media":0,"parent":106,"menu_order":0,"comment_status":"closed","ping_status":"closed","template":"","meta":[],"_links":{"self":[{"href":"https:\/\/wagrowiec.pttk.pl\/index.php?rest_route=\/wp\/v2\/pages\/261"}],"collection":[{"href":"https:\/\/wagrowiec.pttk.pl\/index.php?rest_route=\/wp\/v2\/pages"}],"about":[{"href":"https:\/\/wagrowiec.pttk.pl\/index.php?rest_route=\/wp\/v2\/types\/page"}],"author":[{"embeddable":true,"href":"https:\/\/wagrowiec.pttk.pl\/index.php?rest_route=\/wp\/v2\/users\/3"}],"replies":[{"embeddable":true,"href":"https:\/\/wagrowiec.pttk.pl\/index.php?rest_route=%2Fwp%2Fv2%2Fcomments&post=261"}],"version-history":[{"count":6,"href":"https:\/\/wagrowiec.pttk.pl\/index.php?rest_route=\/wp\/v2\/pages\/261\/revisions"}],"predecessor-version":[{"id":269,"href":"https:\/\/wagrowiec.pttk.pl\/index.php?rest_route=\/wp\/v2\/pages\/261\/revisions\/269"}],"up":[{"embeddable":true,"href":"https:\/\/wagrowiec.pttk.pl\/index.php?rest_route=\/wp\/v2\/pages\/106"}],"wp:attachment":[{"href":"https:\/\/wagrowiec.pttk.pl\/index.php?rest_route=%2Fwp%2Fv2%2Fmedia&parent=261"}],"curies":[{"name":"wp","href":"https:\/\/api.w.org\/{rel}","templated":true}]}}