{"id":1705,"date":"2019-05-28T21:19:42","date_gmt":"2019-05-28T19:19:42","guid":{"rendered":"http:\/\/wagrowiec.pttk.pl\/?page_id=1705"},"modified":"2019-05-28T21:19:42","modified_gmt":"2019-05-28T19:19:42","slug":"k-t-p-wloczykij","status":"publish","type":"page","link":"https:\/\/wagrowiec.pttk.pl\/?page_id=1705","title":{"rendered":"K.T.P. &#8222;W\u0141\u00d3CZYKIJ&#8221;"},"content":{"rendered":"<p style=\"text-align: center;\">Zapraszamy na stron\u0119:<br \/>\nK.T.P. &#8222;W\u0141\u00d3CZYKIJ&#8221;<\/p>\n<p style=\"text-align: center;\">kliknij powy\u017cszego linka<\/p>\n","protected":false},"excerpt":{"rendered":"<p>Zapraszamy na stron\u0119: K.T.P. &#8222;W\u0141\u00d3CZYKIJ&#8221; kliknij powy\u017cszego linka<\/p>\n","protected":false},"author":3,"featured_media":0,"parent":106,"menu_order":0,"comment_status":"closed","ping_status":"closed","template":"","meta":[],"_links":{"self":[{"href":"https:\/\/wagrowiec.pttk.pl\/index.php?rest_route=\/wp\/v2\/pages\/1705"}],"collection":[{"href":"https:\/\/wagrowiec.pttk.pl\/index.php?rest_route=\/wp\/v2\/pages"}],"about":[{"href":"https:\/\/wagrowiec.pttk.pl\/index.php?rest_route=\/wp\/v2\/types\/page"}],"author":[{"embeddable":true,"href":"https:\/\/wagrowiec.pttk.pl\/index.php?rest_route=\/wp\/v2\/users\/3"}],"replies":[{"embeddable":true,"href":"https:\/\/wagrowiec.pttk.pl\/index.php?rest_route=%2Fwp%2Fv2%2Fcomments&post=1705"}],"version-history":[{"count":1,"href":"https:\/\/wagrowiec.pttk.pl\/index.php?rest_route=\/wp\/v2\/pages\/1705\/revisions"}],"predecessor-version":[{"id":1706,"href":"https:\/\/wagrowiec.pttk.pl\/index.php?rest_route=\/wp\/v2\/pages\/1705\/revisions\/1706"}],"up":[{"embeddable":true,"href":"https:\/\/wagrowiec.pttk.pl\/index.php?rest_route=\/wp\/v2\/pages\/106"}],"wp:attachment":[{"href":"https:\/\/wagrowiec.pttk.pl\/index.php?rest_route=%2Fwp%2Fv2%2Fmedia&parent=1705"}],"curies":[{"name":"wp","href":"https:\/\/api.w.org\/{rel}","templated":true}]}}